{"id":7625,"date":"2025-12-10T11:56:25","date_gmt":"2025-12-10T11:56:25","guid":{"rendered":"https:\/\/poppersareus.com\/poppers\/jungle-juice-xtrem-20ml\/"},"modified":"2025-12-10T11:56:25","modified_gmt":"2025-12-10T11:56:25","slug":"jungle-juice-xtrem-20ml","status":"publish","type":"product","link":"https:\/\/poppersareus.com\/es\/poppers\/jungle-juice-xtrem-20ml\/","title":{"rendered":"Jungle Juice Xtrem 20ml"},"content":{"rendered":"<h3 data-path-to-node=\"3\">Jungle Juice Xtrem 20ml \u2013 M\u00e1xima potencia en un formato compacto.<\/h3>\n<p data-path-to-node=\"4\">Si buscas la m\u00e1xima intensidad, Jungle Juice Xtrem 20ml est\u00e1 hecho para ti. Esta edici\u00f3n no lleva el nombre \u00abXtrem\u00bb por casualidad; representa la c\u00faspide de la fuerza dentro de la legendaria familia Jungle Juice. Mientras que otras variantes se centran en el equilibrio, el Xtrem se concentra puramente en la potencia y la durabilidad del efecto, lo que lo convierte en una de las opciones m\u00e1s populares para quienes exigen un rendimiento superior sin concesiones.<\/p>\n<p data-path-to-node=\"5\">La diferencia clave de este producto radica en su f\u00f3rmula exclusiva a base de nitrito de amilo. Conocido por su lenta evaporaci\u00f3n y acci\u00f3n progresiva, este compuesto qu\u00edmico ha sido refinado a trav\u00e9s de m\u00faltiples procesos de destilaci\u00f3n para garantizar un grado extremadamente alto de pureza.<\/p>\n<p data-path-to-node=\"6\">La botella de 20 ml es otro punto fuerte de este producto. Este tama\u00f1o \u00abmediano\u00bb ofrece el equilibrio perfecto entre la portabilidad de una botella peque\u00f1a y la rentabilidad de una botella grande. El embalaje robusto protege eficazmente el contenido contra la oxidaci\u00f3n, garantizando que la frescura del amilo se conserve, incluso despu\u00e9s de m\u00faltiples aperturas.<\/p>\n<p data-path-to-node=\"7\">No te conformes con experiencias mediocres cuando puedes llegar a la cima. Disponible en nuestra tienda con env\u00edo r\u00e1pido y discreto, este es el producto que redefinir\u00e1 sus est\u00e1ndares de calidad. A\u00f1ade Jungle Juice Xtrem 20ml a tu carrito hoy y descubre el poder de una f\u00f3rmula legendaria, creada para los usuarios m\u00e1s exigentes del mundo.<\/p>\n<h3>Composici\u00f3n de Jungle Juice Xtrem 20ml<\/h3>\n<p>Nitrito de amilo (CAS : 110-46-3) (CE : 203-770-8), 3-metilbutan-1-ol (CAS : 123-51-3) (CE : 204-633-5)<\/p>\n","protected":false},"excerpt":{"rendered":"<ul>\n<li>F\u00f3rmula Xtrem a base de nitrito de amilo de alta pureza.<\/li>\n<li>Potencia superior y refinada para un efecto profundo y duradero.<\/li>\n<li>Formato de 20 ml: el compromiso ideal entre tama\u00f1o y econom\u00eda.<\/li>\n<li>Calidad Jungle Juice; una de las marcas m\u00e1s reputadas a nivel mundial.<\/li>\n<\/ul>\n","protected":false},"featured_media":7622,"comment_status":"open","ping_status":"closed","template":"","meta":{"neve_meta_sidebar":"","neve_meta_container":"","neve_meta_enable_content_width":"off","neve_meta_content_width":100,"neve_meta_title_alignment":"","neve_meta_author_avatar":"","neve_post_elements_order":"","neve_meta_disable_header":"","neve_meta_disable_footer":"","neve_meta_disable_title":"","neve_meta_reading_time":"","_themeisle_gutenberg_block_has_review":false,"neve_tabs_data":"","neve_override_tab_layout":""},"product_brand":[152],"product_cat":[134,131],"product_tag":[],"class_list":{"0":"post-7625","1":"product","2":"type-product","3":"status-publish","4":"has-post-thumbnail","6":"product_brand-jungle-juice","7":"product_cat-poppers-grandes","8":"product_cat-poppers","10":"first","11":"instock","12":"sale","13":"taxable","14":"shipping-taxable","15":"purchasable","16":"product-type-simple"},"bundled_by":[],"bundle_stock_status":"instock","bundle_stock_quantity":18,"bundle_virtual":false,"bundle_layout":"","bundle_add_to_cart_form_location":"","bundle_editable_in_cart":false,"bundle_sold_individually_context":"","bundle_item_grouping":"","bundle_min_size":"","bundle_max_size":"","bundle_price":[],"bundled_items":[],"bundle_sell_ids":[],"_links":{"self":[{"href":"https:\/\/poppersareus.com\/es\/wp-json\/wp\/v2\/product\/7625","targetHints":{"allow":["GET"]}}],"collection":[{"href":"https:\/\/poppersareus.com\/es\/wp-json\/wp\/v2\/product"}],"about":[{"href":"https:\/\/poppersareus.com\/es\/wp-json\/wp\/v2\/types\/product"}],"replies":[{"embeddable":true,"href":"https:\/\/poppersareus.com\/es\/wp-json\/wp\/v2\/comments?post=7625"}],"wp:featuredmedia":[{"embeddable":true,"href":"https:\/\/poppersareus.com\/es\/wp-json\/wp\/v2\/media\/7622"}],"wp:attachment":[{"href":"https:\/\/poppersareus.com\/es\/wp-json\/wp\/v2\/media?parent=7625"}],"wp:term":[{"taxonomy":"product_brand","embeddable":true,"href":"https:\/\/poppersareus.com\/es\/wp-json\/wp\/v2\/product_brand?post=7625"},{"taxonomy":"product_cat","embeddable":true,"href":"https:\/\/poppersareus.com\/es\/wp-json\/wp\/v2\/product_cat?post=7625"},{"taxonomy":"product_tag","embeddable":true,"href":"https:\/\/poppersareus.com\/es\/wp-json\/wp\/v2\/product_tag?post=7625"}],"curies":[{"name":"wp","href":"https:\/\/api.w.org\/{rel}","templated":true}]}}